{"id":235,"date":"2022-05-17T23:06:35","date_gmt":"2022-05-17T23:06:35","guid":{"rendered":"https:\/\/upwyse.co\/anaya\/?page_id=235"},"modified":"2024-12-26T22:31:05","modified_gmt":"2024-12-26T22:31:05","slug":"nosotros","status":"publish","type":"page","link":"https:\/\/anaya.law\/en\/nosotros\/","title":{"rendered":"About Us"},"content":{"rendered":"<div data-elementor-type=\"wp-page\" data-elementor-id=\"235\" class=\"elementor elementor-235\">\n\t\t\t\t\t\t<section class=\"elementor-section elementor-top-section elementor-element elementor-element-6d17d68 elementor-section-stretched elementor-reverse-mobile elementor-section-boxed elementor-section-height-default elementor-section-height-default elementor-invisible\" data-id=\"6d17d68\" data-element_type=\"section\" data-settings=\"{&quot;jet_parallax_layout_list&quot;:[],&quot;stretch_section&quot;:&quot;section-stretched&quot;,&quot;background_background&quot;:&quot;classic&quot;,&quot;animation&quot;:&quot;fadeIn&quot;}\">\n\t\t\t\t\t\t<div class=\"elementor-container elementor-column-gap-default\">\n\t\t\t\t\t<div class=\"elementor-column elementor-col-50 elementor-top-column elementor-element elementor-element-29d6daf\" data-id=\"29d6daf\" data-element_type=\"column\">\n\t\t\t<div class=\"elementor-widget-wrap elementor-element-populated\">\n\t\t\t\t\t\t<div class=\"elementor-element elementor-element-53ac408 elementor-mobile-align-center elementor-align-left elementor-widget elementor-widget-raven-heading\" data-id=\"53ac408\" data-element_type=\"widget\" data-widget_type=\"raven-heading.default\">\n\t\t\t\t<div class=\"elementor-widget-container\">\n\t\t\t\t\t\t\t<div class=\"raven-widget-wrapper\"><h2 class=\"raven-heading raven-heading-h2\"><span class=\"raven-heading-title\">About Us<\/span><\/h2><\/div>\r\n\t\t\t\t\t\t<\/div>\n\t\t\t\t<\/div>\n\t\t\t\t<div class=\"elementor-element elementor-element-7334ce1 elementor-mobile-align-center elementor-align-left elementor-widget elementor-widget-raven-heading\" data-id=\"7334ce1\" data-element_type=\"widget\" data-widget_type=\"raven-heading.default\">\n\t\t\t\t<div class=\"elementor-widget-container\">\n\t\t\t\t\t\t\t<div class=\"raven-widget-wrapper\"><h2 class=\"raven-heading raven-heading-h2\"><span class=\"raven-heading-title\">Allies of our Clients<\/span><\/h2><\/div>\r\n\t\t\t\t\t\t<\/div>\n\t\t\t\t<\/div>\n\t\t\t\t<div class=\"elementor-element elementor-element-7f2b398 elementor-widget elementor-widget-text-editor\" data-id=\"7f2b398\" data-element_type=\"widget\" data-widget_type=\"text-editor.default\">\n\t\t\t\t<div class=\"elementor-widget-container\">\n\t\t\t\t\t\t\t\t\t<p>Our knowledge of the Mexican legal framework, and constant update on the international context, make us an ideal ally in the development of the projects that are entrusted to us. We  are an extraordinary option for legal representation in Mexico, with global focus and high expertise.<\/p><p>Our main purpose is to grow hand-in-hand with our clients and work toward their success, easing their legal burden and, therefore, allowing them to focus on their business.<\/p>\t\t\t\t\t\t\t\t<\/div>\n\t\t\t\t<\/div>\n\t\t\t\t\t<\/div>\n\t\t<\/div>\n\t\t\t\t<div class=\"elementor-column elementor-col-50 elementor-top-column elementor-element elementor-element-77c38e1\" data-id=\"77c38e1\" data-element_type=\"column\">\n\t\t\t<div class=\"elementor-widget-wrap elementor-element-populated\">\n\t\t\t\t\t\t<div class=\"jet-parallax-widget elementor-element elementor-element-07e93ad e-transform elementor-invisible elementor-widget elementor-widget-raven-image\" data-jet-tricks-settings=\"{&quot;parallax&quot;:&quot;true&quot;,&quot;invert&quot;:&quot;false&quot;,&quot;speed&quot;:{&quot;unit&quot;:&quot;%&quot;,&quot;size&quot;:10,&quot;sizes&quot;:[]},&quot;stickyOn&quot;:[&quot;desktop&quot;,&quot;tablet&quot;]}\" data-id=\"07e93ad\" data-element_type=\"widget\" data-settings=\"{&quot;_transform_translateX_effect_hover&quot;:{&quot;unit&quot;:&quot;px&quot;,&quot;size&quot;:20,&quot;sizes&quot;:[]},&quot;_transform_translateY_effect_hover&quot;:{&quot;unit&quot;:&quot;px&quot;,&quot;size&quot;:-20,&quot;sizes&quot;:[]},&quot;_animation&quot;:&quot;fadeIn&quot;,&quot;_transform_translateX_effect_hover_tablet&quot;:{&quot;unit&quot;:&quot;px&quot;,&quot;size&quot;:&quot;&quot;,&quot;sizes&quot;:[]},&quot;_transform_translateX_effect_hover_mobile&quot;:{&quot;unit&quot;:&quot;px&quot;,&quot;size&quot;:&quot;&quot;,&quot;sizes&quot;:[]},&quot;_transform_translateY_effect_hover_tablet&quot;:{&quot;unit&quot;:&quot;px&quot;,&quot;size&quot;:&quot;&quot;,&quot;sizes&quot;:[]},&quot;_transform_translateY_effect_hover_mobile&quot;:{&quot;unit&quot;:&quot;px&quot;,&quot;size&quot;:&quot;&quot;,&quot;sizes&quot;:[]}}\" data-widget_type=\"raven-image.default\">\n\t\t\t\t<div class=\"elementor-widget-container\">\n\t\t\t\t\t\t\t<div class=\"raven-image\">\r\n\t\t\r\n\t\t\r\n\t\t<img fetchpriority=\"high\" decoding=\"async\" width=\"800\" height=\"707\" src=\"https:\/\/anaya.law\/wp-content\/uploads\/2024\/12\/Alianzas.jpg\" class=\"attachment-full size-full wp-image-1792\" alt=\"\" srcset=\"https:\/\/anaya.law\/wp-content\/uploads\/2024\/12\/Alianzas.jpg 800w, https:\/\/anaya.law\/wp-content\/uploads\/2024\/12\/Alianzas-300x265.jpg 300w, https:\/\/anaya.law\/wp-content\/uploads\/2024\/12\/Alianzas-768x679.jpg 768w, https:\/\/anaya.law\/wp-content\/uploads\/2024\/12\/Alianzas-14x12.jpg 14w\" sizes=\"(max-width: 800px) 100vw, 800px\" \/>\t\t<\/div>\r\n\t\t\t\t\t\t<\/div>\n\t\t\t\t<\/div>\n\t\t\t\t<div class=\"elementor-element elementor-element-9b6bdd2 elementor-widget elementor-widget-menu-anchor\" data-id=\"9b6bdd2\" data-element_type=\"widget\" data-widget_type=\"menu-anchor.default\">\n\t\t\t\t<div class=\"elementor-widget-container\">\n\t\t\t\t\t\t\t<div class=\"elementor-menu-anchor\" id=\"equipo\"><\/div>\n\t\t\t\t\t\t<\/div>\n\t\t\t\t<\/div>\n\t\t\t\t\t<\/div>\n\t\t<\/div>\n\t\t\t\t\t<\/div>\n\t\t<\/section>\n\t\t\t\t<section class=\"elementor-section elementor-top-section elementor-element elementor-element-e044e0e elementor-section-stretched elementor-section-boxed elementor-section-height-default elementor-section-height-default\" data-id=\"e044e0e\" data-element_type=\"section\" data-settings=\"{&quot;jet_parallax_layout_list&quot;:[],&quot;stretch_section&quot;:&quot;section-stretched&quot;,&quot;background_background&quot;:&quot;classic&quot;}\">\n\t\t\t\t\t\t<div class=\"elementor-container elementor-column-gap-default\">\n\t\t\t\t\t<div class=\"elementor-column elementor-col-50 elementor-top-column elementor-element elementor-element-5a78a2c\" data-id=\"5a78a2c\" data-element_type=\"column\">\n\t\t\t<div class=\"elementor-widget-wrap elementor-element-populated\">\n\t\t\t\t\t\t<div class=\"elementor-element elementor-element-f5172d5 elementor-mobile-align-center elementor-align-left elementor-widget elementor-widget-raven-heading\" data-id=\"f5172d5\" data-element_type=\"widget\" data-widget_type=\"raven-heading.default\">\n\t\t\t\t<div class=\"elementor-widget-container\">\n\t\t\t\t\t\t\t<div class=\"raven-widget-wrapper\"><h2 class=\"raven-heading raven-heading-h2\"><span class=\"raven-heading-title\">Bespoke solutions<\/span><\/h2><\/div>\r\n\t\t\t\t\t\t<\/div>\n\t\t\t\t<\/div>\n\t\t\t\t\t<\/div>\n\t\t<\/div>\n\t\t\t\t<div class=\"elementor-column elementor-col-50 elementor-top-column elementor-element elementor-element-0526e93\" data-id=\"0526e93\" data-element_type=\"column\">\n\t\t\t<div class=\"elementor-widget-wrap elementor-element-populated\">\n\t\t\t\t\t\t<div class=\"elementor-element elementor-element-75bf49d elementor-widget elementor-widget-text-editor\" data-id=\"75bf49d\" data-element_type=\"widget\" data-widget_type=\"text-editor.default\">\n\t\t\t\t<div class=\"elementor-widget-container\">\n\t\t\t\t\t\t\t\t\t<p>We represent leading multinational companies from the energy, finance, entertainment, and digital services sectors, several of them included <em>in the Fortune 500 list.<\/em> We also assist national companies, start-ups and private clients.<\/p><p>Just as each project has its own characteristics and challenges, each client has different needs; therefore, the legal solutions we offer are designed as a tailor-made suit<\/p><p>The close interaction among our practice areas allows us to render an integral analysis and a broad perspective regarding the projects, resulting in global, practical and efficient solutions that directly impact our clients\u2019 productivity.<\/p>\t\t\t\t\t\t\t\t<\/div>\n\t\t\t\t<\/div>\n\t\t\t\t\t<\/div>\n\t\t<\/div>\n\t\t\t\t\t<\/div>\n\t\t<\/section>\n\t\t\t\t<\/div>","protected":false},"excerpt":{"rendered":"<p>Nosotros Aliados de nuestros Clientes Nuestro conocimiento del marco juri\u0301dico mexicano, y constante actualizacio\u0301n en el contexto internacional, nos convierten en aliados ideales para el exitoso desarrollo de los proyectos que nos son confiados. Somos una extraordinaria opci\u00f3n de representaci\u00f3n legal en Me\u0301xico, con enfoque global y alta especializacio\u0301n. Nuestra misio\u0301n es crecer en equipo [&hellip;]<\/p>","protected":false},"author":1,"featured_media":0,"parent":0,"menu_order":0,"comment_status":"closed","ping_status":"closed","template":"","meta":{"_acf_changed":false,"footnotes":""},"class_list":["post-235","page","type-page","status-publish","hentry"],"acf":[],"yoast_head":"<!-- This site is optimized with the Yoast SEO plugin v25.9 - https:\/\/yoast.com\/wordpress\/plugins\/seo\/ -->\n<title>Nosotros - Anaya e Ib\u00e1\u00f1ez<\/title>\n<meta name=\"robots\" content=\"index, follow, max-snippet:-1, max-image-preview:large, max-video-preview:-1\" \/>\n<link rel=\"canonical\" href=\"https:\/\/anaya.law\/en\/nosotros\/\" \/>\n<meta property=\"og:locale\" content=\"en_US\" \/>\n<meta property=\"og:type\" content=\"article\" \/>\n<meta property=\"og:title\" content=\"Nosotros - Anaya e Ib\u00e1\u00f1ez\" \/>\n<meta property=\"og:description\" content=\"Nosotros Aliados de nuestros Clientes Nuestro conocimiento del marco juri\u0301dico mexicano, y constante actualizacio\u0301n en el contexto internacional, nos convierten en aliados ideales para el exitoso desarrollo de los proyectos que nos son confiados. Somos una extraordinaria opci\u00f3n de representaci\u00f3n legal en Me\u0301xico, con enfoque global y alta especializacio\u0301n. Nuestra misio\u0301n es crecer en equipo [&hellip;]\" \/>\n<meta property=\"og:url\" content=\"https:\/\/anaya.law\/en\/nosotros\/\" \/>\n<meta property=\"og:site_name\" content=\"Anaya e Ib\u00e1\u00f1ez\" \/>\n<meta property=\"article:publisher\" content=\"https:\/\/www.facebook.com\/AnayaAbogados\" \/>\n<meta property=\"article:modified_time\" content=\"2024-12-26T22:31:05+00:00\" \/>\n<meta property=\"og:image\" content=\"https:\/\/anaya.law\/wp-content\/uploads\/2024\/12\/Alianzas.jpg\" \/>\n<meta name=\"twitter:card\" content=\"summary_large_image\" \/>\n<meta name=\"twitter:site\" content=\"@AnayaAbogados\" \/>\n<meta name=\"twitter:label1\" content=\"Est. reading time\" \/>\n\t<meta name=\"twitter:data1\" content=\"2 minutes\" \/>\n<script type=\"application\/ld+json\" class=\"yoast-schema-graph\">{\"@context\":\"https:\/\/schema.org\",\"@graph\":[{\"@type\":\"WebPage\",\"@id\":\"https:\/\/anaya.law\/nosotros\/\",\"url\":\"https:\/\/anaya.law\/nosotros\/\",\"name\":\"Nosotros - Anaya e Ib\u00e1\u00f1ez\",\"isPartOf\":{\"@id\":\"https:\/\/anaya.law\/#website\"},\"primaryImageOfPage\":{\"@id\":\"https:\/\/anaya.law\/nosotros\/#primaryimage\"},\"image\":{\"@id\":\"https:\/\/anaya.law\/nosotros\/#primaryimage\"},\"thumbnailUrl\":\"https:\/\/anaya.law\/wp-content\/uploads\/2024\/12\/Alianzas.jpg\",\"datePublished\":\"2022-05-17T23:06:35+00:00\",\"dateModified\":\"2024-12-26T22:31:05+00:00\",\"breadcrumb\":{\"@id\":\"https:\/\/anaya.law\/nosotros\/#breadcrumb\"},\"inLanguage\":\"en-US\",\"potentialAction\":[{\"@type\":\"ReadAction\",\"target\":[\"https:\/\/anaya.law\/nosotros\/\"]}]},{\"@type\":\"ImageObject\",\"inLanguage\":\"en-US\",\"@id\":\"https:\/\/anaya.law\/nosotros\/#primaryimage\",\"url\":\"https:\/\/anaya.law\/wp-content\/uploads\/2024\/12\/Alianzas.jpg\",\"contentUrl\":\"https:\/\/anaya.law\/wp-content\/uploads\/2024\/12\/Alianzas.jpg\"},{\"@type\":\"BreadcrumbList\",\"@id\":\"https:\/\/anaya.law\/nosotros\/#breadcrumb\",\"itemListElement\":[{\"@type\":\"ListItem\",\"position\":1,\"name\":\"Home\",\"item\":\"https:\/\/anaya.law\/\"},{\"@type\":\"ListItem\",\"position\":2,\"name\":\"Nosotros\"}]},{\"@type\":\"WebSite\",\"@id\":\"https:\/\/anaya.law\/#website\",\"url\":\"https:\/\/anaya.law\/\",\"name\":\"Anaya e Ib\u00e1\u00f1ez\",\"description\":\"Abogados\",\"publisher\":{\"@id\":\"https:\/\/anaya.law\/#organization\"},\"potentialAction\":[{\"@type\":\"SearchAction\",\"target\":{\"@type\":\"EntryPoint\",\"urlTemplate\":\"https:\/\/anaya.law\/?s={search_term_string}\"},\"query-input\":{\"@type\":\"PropertyValueSpecification\",\"valueRequired\":true,\"valueName\":\"search_term_string\"}}],\"inLanguage\":\"en-US\"},{\"@type\":\"Organization\",\"@id\":\"https:\/\/anaya.law\/#organization\",\"name\":\"Anaya D\u00edaz Ib\u00e1\u00f1ez\",\"url\":\"https:\/\/anaya.law\/\",\"logo\":{\"@type\":\"ImageObject\",\"inLanguage\":\"en-US\",\"@id\":\"https:\/\/anaya.law\/#\/schema\/logo\/image\/\",\"url\":\"https:\/\/anaya.law\/wp-content\/uploads\/2022\/05\/Logo_.svg\",\"contentUrl\":\"https:\/\/anaya.law\/wp-content\/uploads\/2022\/05\/Logo_.svg\",\"width\":1200,\"height\":500,\"caption\":\"Anaya D\u00edaz Ib\u00e1\u00f1ez\"},\"image\":{\"@id\":\"https:\/\/anaya.law\/#\/schema\/logo\/image\/\"},\"sameAs\":[\"https:\/\/www.facebook.com\/AnayaAbogados\",\"https:\/\/x.com\/AnayaAbogados\",\"https:\/\/www.linkedin.com\/company\/anaya-abogados\/\"]}]}<\/script>\n<!-- \/ Yoast SEO plugin. -->","yoast_head_json":{"title":"Nosotros - Anaya e Ib\u00e1\u00f1ez","robots":{"index":"index","follow":"follow","max-snippet":"max-snippet:-1","max-image-preview":"max-image-preview:large","max-video-preview":"max-video-preview:-1"},"canonical":"https:\/\/anaya.law\/en\/nosotros\/","og_locale":"en_US","og_type":"article","og_title":"Nosotros - Anaya e Ib\u00e1\u00f1ez","og_description":"Nosotros Aliados de nuestros Clientes Nuestro conocimiento del marco juri\u0301dico mexicano, y constante actualizacio\u0301n en el contexto internacional, nos convierten en aliados ideales para el exitoso desarrollo de los proyectos que nos son confiados. Somos una extraordinaria opci\u00f3n de representaci\u00f3n legal en Me\u0301xico, con enfoque global y alta especializacio\u0301n. Nuestra misio\u0301n es crecer en equipo [&hellip;]","og_url":"https:\/\/anaya.law\/en\/nosotros\/","og_site_name":"Anaya e Ib\u00e1\u00f1ez","article_publisher":"https:\/\/www.facebook.com\/AnayaAbogados","article_modified_time":"2024-12-26T22:31:05+00:00","og_image":[{"url":"https:\/\/anaya.law\/wp-content\/uploads\/2024\/12\/Alianzas.jpg","type":"","width":"","height":""}],"twitter_card":"summary_large_image","twitter_site":"@AnayaAbogados","twitter_misc":{"Est. reading time":"2 minutes"},"schema":{"@context":"https:\/\/schema.org","@graph":[{"@type":"WebPage","@id":"https:\/\/anaya.law\/nosotros\/","url":"https:\/\/anaya.law\/nosotros\/","name":"Nosotros - Anaya e Ib\u00e1\u00f1ez","isPartOf":{"@id":"https:\/\/anaya.law\/#website"},"primaryImageOfPage":{"@id":"https:\/\/anaya.law\/nosotros\/#primaryimage"},"image":{"@id":"https:\/\/anaya.law\/nosotros\/#primaryimage"},"thumbnailUrl":"https:\/\/anaya.law\/wp-content\/uploads\/2024\/12\/Alianzas.jpg","datePublished":"2022-05-17T23:06:35+00:00","dateModified":"2024-12-26T22:31:05+00:00","breadcrumb":{"@id":"https:\/\/anaya.law\/nosotros\/#breadcrumb"},"inLanguage":"en-US","potentialAction":[{"@type":"ReadAction","target":["https:\/\/anaya.law\/nosotros\/"]}]},{"@type":"ImageObject","inLanguage":"en-US","@id":"https:\/\/anaya.law\/nosotros\/#primaryimage","url":"https:\/\/anaya.law\/wp-content\/uploads\/2024\/12\/Alianzas.jpg","contentUrl":"https:\/\/anaya.law\/wp-content\/uploads\/2024\/12\/Alianzas.jpg"},{"@type":"BreadcrumbList","@id":"https:\/\/anaya.law\/nosotros\/#breadcrumb","itemListElement":[{"@type":"ListItem","position":1,"name":"Home","item":"https:\/\/anaya.law\/"},{"@type":"ListItem","position":2,"name":"Nosotros"}]},{"@type":"WebSite","@id":"https:\/\/anaya.law\/#website","url":"https:\/\/anaya.law\/","name":"Anaya e Ib\u00e1\u00f1ez","description":"Abogados","publisher":{"@id":"https:\/\/anaya.law\/#organization"},"potentialAction":[{"@type":"SearchAction","target":{"@type":"EntryPoint","urlTemplate":"https:\/\/anaya.law\/?s={search_term_string}"},"query-input":{"@type":"PropertyValueSpecification","valueRequired":true,"valueName":"search_term_string"}}],"inLanguage":"en-US"},{"@type":"Organization","@id":"https:\/\/anaya.law\/#organization","name":"Anaya D\u00edaz Ib\u00e1\u00f1ez","url":"https:\/\/anaya.law\/","logo":{"@type":"ImageObject","inLanguage":"en-US","@id":"https:\/\/anaya.law\/#\/schema\/logo\/image\/","url":"https:\/\/anaya.law\/wp-content\/uploads\/2022\/05\/Logo_.svg","contentUrl":"https:\/\/anaya.law\/wp-content\/uploads\/2022\/05\/Logo_.svg","width":1200,"height":500,"caption":"Anaya D\u00edaz Ib\u00e1\u00f1ez"},"image":{"@id":"https:\/\/anaya.law\/#\/schema\/logo\/image\/"},"sameAs":["https:\/\/www.facebook.com\/AnayaAbogados","https:\/\/x.com\/AnayaAbogados","https:\/\/www.linkedin.com\/company\/anaya-abogados\/"]}]}},"_links":{"self":[{"href":"https:\/\/anaya.law\/en\/wp-json\/wp\/v2\/pages\/235","targetHints":{"allow":["GET"]}}],"collection":[{"href":"https:\/\/anaya.law\/en\/wp-json\/wp\/v2\/pages"}],"about":[{"href":"https:\/\/anaya.law\/en\/wp-json\/wp\/v2\/types\/page"}],"author":[{"embeddable":true,"href":"https:\/\/anaya.law\/en\/wp-json\/wp\/v2\/users\/1"}],"replies":[{"embeddable":true,"href":"https:\/\/anaya.law\/en\/wp-json\/wp\/v2\/comments?post=235"}],"version-history":[{"count":132,"href":"https:\/\/anaya.law\/en\/wp-json\/wp\/v2\/pages\/235\/revisions"}],"predecessor-version":[{"id":1795,"href":"https:\/\/anaya.law\/en\/wp-json\/wp\/v2\/pages\/235\/revisions\/1795"}],"wp:attachment":[{"href":"https:\/\/anaya.law\/en\/wp-json\/wp\/v2\/media?parent=235"}],"curies":[{"name":"wp","href":"https:\/\/api.w.org\/{rel}","templated":true}]}}