{"id":388,"date":"2022-07-27T17:19:31","date_gmt":"2022-07-27T17:19:31","guid":{"rendered":"https:\/\/upwyse.co\/anaya\/?page_id=388"},"modified":"2025-09-24T16:47:16","modified_gmt":"2025-09-24T16:47:16","slug":"contacto","status":"publish","type":"page","link":"https:\/\/anaya.law\/en\/contacto\/","title":{"rendered":"Contact Us"},"content":{"rendered":"<div data-elementor-type=\"wp-page\" data-elementor-id=\"388\" class=\"elementor elementor-388\">\n\t\t\t\t\t\t<section class=\"elementor-section elementor-top-section elementor-element elementor-element-2874eb8 elementor-section-stretched elementor-section-boxed elementor-section-height-default elementor-section-height-default\" data-id=\"2874eb8\" data-element_type=\"section\" data-settings=\"{&quot;stretch_section&quot;:&quot;section-stretched&quot;,&quot;jet_parallax_layout_list&quot;:[]}\">\n\t\t\t\t\t\t<div class=\"elementor-container elementor-column-gap-default\">\n\t\t\t\t\t<div class=\"elementor-column elementor-col-33 elementor-top-column elementor-element elementor-element-3dc8dd0\" data-id=\"3dc8dd0\" data-element_type=\"column\">\n\t\t\t<div class=\"elementor-widget-wrap elementor-element-populated\">\n\t\t\t\t\t\t<div class=\"elementor-element elementor-element-90fb878 elementor-widget elementor-widget-raven-image\" data-id=\"90fb878\" data-element_type=\"widget\" data-widget_type=\"raven-image.default\">\n\t\t\t\t<div class=\"elementor-widget-container\">\n\t\t\t\t\t\t\t<div class=\"raven-image\">\r\n\t\t\r\n\t\t\r\n\t\t<img fetchpriority=\"high\" decoding=\"async\" width=\"800\" height=\"960\" src=\"https:\/\/anaya.law\/wp-content\/uploads\/2024\/12\/Contacto.jpg\" class=\"attachment-full size-full wp-image-1788\" alt=\"\" srcset=\"https:\/\/anaya.law\/wp-content\/uploads\/2024\/12\/Contacto.jpg 800w, https:\/\/anaya.law\/wp-content\/uploads\/2024\/12\/Contacto-250x300.jpg 250w, https:\/\/anaya.law\/wp-content\/uploads\/2024\/12\/Contacto-768x922.jpg 768w, https:\/\/anaya.law\/wp-content\/uploads\/2024\/12\/Contacto-10x12.jpg 10w\" sizes=\"(max-width: 800px) 100vw, 800px\" \/>\t\t<\/div>\r\n\t\t\t\t\t\t<\/div>\n\t\t\t\t<\/div>\n\t\t\t\t\t<\/div>\n\t\t<\/div>\n\t\t\t\t<div class=\"elementor-column elementor-col-66 elementor-top-column elementor-element elementor-element-dc16e99\" data-id=\"dc16e99\" data-element_type=\"column\">\n\t\t\t<div class=\"elementor-widget-wrap elementor-element-populated\">\n\t\t\t\t\t\t<section class=\"elementor-section elementor-inner-section elementor-element elementor-element-563483b elementor-section-boxed elementor-section-height-default elementor-section-height-default\" data-id=\"563483b\" data-element_type=\"section\" data-settings=\"{&quot;jet_parallax_layout_list&quot;:[]}\">\n\t\t\t\t\t\t<div class=\"elementor-container elementor-column-gap-default\">\n\t\t\t\t\t<div class=\"elementor-column elementor-col-100 elementor-inner-column elementor-element elementor-element-a345fc3\" data-id=\"a345fc3\" data-element_type=\"column\">\n\t\t\t<div class=\"elementor-widget-wrap elementor-element-populated\">\n\t\t\t\t\t\t<div class=\"elementor-element elementor-element-1c81be6 elementor-mobile-align-center elementor-align-left elementor-widget elementor-widget-raven-heading\" data-id=\"1c81be6\" data-element_type=\"widget\" data-widget_type=\"raven-heading.default\">\n\t\t\t\t<div class=\"elementor-widget-container\">\n\t\t\t\t\t\t\t<div class=\"raven-widget-wrapper\"><h2 class=\"raven-heading raven-heading-h2\"><span class=\"raven-heading-title\">Contact Us<\/span><\/h2><\/div>\r\n\t\t\t\t\t\t<\/div>\n\t\t\t\t<\/div>\n\t\t\t\t<div class=\"elementor-element elementor-element-4489d12 raven-form-button-align-right elementor-widget elementor-widget-raven-form\" data-id=\"4489d12\" data-element_type=\"widget\" data-settings=\"{&quot;fields&quot;:[{&quot;label&quot;:&quot;Nombre&quot;,&quot;placeholder&quot;:&quot;Nombre&quot;,&quot;_id&quot;:&quot;5e44dd3&quot;,&quot;acceptance_text&quot;:null,&quot;required&quot;:&quot;true&quot;,&quot;width&quot;:&quot;50&quot;,&quot;step_previous_button&quot;:null,&quot;step_next_button&quot;:null,&quot;field_custom_id&quot;:&quot;5e44dd3&quot;,&quot;type&quot;:&quot;text&quot;,&quot;recaptcha_badge&quot;:null,&quot;recaptcha_theme&quot;:null,&quot;recaptcha_size&quot;:null,&quot;checked_by_default&quot;:null,&quot;min_time&quot;:null,&quot;max_time&quot;:null,&quot;min_date&quot;:null,&quot;max_date&quot;:null,&quot;localization&quot;:null,&quot;min&quot;:null,&quot;max&quot;:null,&quot;field_options&quot;:null,&quot;inline_list&quot;:null,&quot;field_html&quot;:null,&quot;native_html5&quot;:null,&quot;multiple_selection&quot;:null,&quot;rows&quot;:null,&quot;iti_tel&quot;:null,&quot;iti_tel_tel_type&quot;:null,&quot;iti_tel_require_area&quot;:null,&quot;iti_tel_allow_dropdown&quot;:null,&quot;iti_tel_country_include&quot;:null,&quot;iti_tel_ip_detect&quot;:null,&quot;iti_tel_internationalize&quot;:null,&quot;file_sizes&quot;:null,&quot;file_types&quot;:null,&quot;allow_multiple_upload&quot;:null,&quot;max_files&quot;:null,&quot;step_icon&quot;:null,&quot;field_value&quot;:&quot;&quot;},{&quot;label&quot;:&quot;Email&quot;,&quot;type&quot;:&quot;email&quot;,&quot;placeholder&quot;:&quot;Email&quot;,&quot;required&quot;:&quot;true&quot;,&quot;_id&quot;:&quot;de37f58&quot;,&quot;acceptance_text&quot;:null,&quot;width&quot;:&quot;50&quot;,&quot;step_previous_button&quot;:null,&quot;step_next_button&quot;:null,&quot;field_custom_id&quot;:&quot;de37f58&quot;,&quot;recaptcha_badge&quot;:null,&quot;recaptcha_theme&quot;:null,&quot;recaptcha_size&quot;:null,&quot;checked_by_default&quot;:null,&quot;min_time&quot;:null,&quot;max_time&quot;:null,&quot;min_date&quot;:null,&quot;max_date&quot;:null,&quot;localization&quot;:null,&quot;min&quot;:null,&quot;max&quot;:null,&quot;field_options&quot;:null,&quot;inline_list&quot;:null,&quot;field_html&quot;:null,&quot;native_html5&quot;:null,&quot;multiple_selection&quot;:null,&quot;rows&quot;:null,&quot;iti_tel&quot;:null,&quot;iti_tel_tel_type&quot;:null,&quot;iti_tel_require_area&quot;:null,&quot;iti_tel_allow_dropdown&quot;:null,&quot;iti_tel_country_include&quot;:null,&quot;iti_tel_ip_detect&quot;:null,&quot;iti_tel_internationalize&quot;:null,&quot;file_sizes&quot;:null,&quot;file_types&quot;:null,&quot;allow_multiple_upload&quot;:null,&quot;max_files&quot;:null,&quot;step_icon&quot;:null,&quot;field_value&quot;:&quot;&quot;},{&quot;label&quot;:&quot;Empresa&quot;,&quot;placeholder&quot;:&quot;Empresa&quot;,&quot;acceptance_text&quot;:null,&quot;width&quot;:&quot;40&quot;,&quot;_id&quot;:&quot;788d8f2&quot;,&quot;step_previous_button&quot;:null,&quot;step_next_button&quot;:null,&quot;field_custom_id&quot;:&quot;788d8f2&quot;,&quot;type&quot;:&quot;text&quot;,&quot;recaptcha_badge&quot;:null,&quot;recaptcha_theme&quot;:null,&quot;recaptcha_size&quot;:null,&quot;checked_by_default&quot;:null,&quot;min_time&quot;:null,&quot;max_time&quot;:null,&quot;min_date&quot;:null,&quot;max_date&quot;:null,&quot;localization&quot;:null,&quot;min&quot;:null,&quot;max&quot;:null,&quot;field_options&quot;:null,&quot;inline_list&quot;:null,&quot;field_html&quot;:null,&quot;native_html5&quot;:null,&quot;multiple_selection&quot;:null,&quot;rows&quot;:null,&quot;required&quot;:&quot;&quot;,&quot;iti_tel&quot;:null,&quot;iti_tel_tel_type&quot;:null,&quot;iti_tel_require_area&quot;:null,&quot;iti_tel_allow_dropdown&quot;:null,&quot;iti_tel_country_include&quot;:null,&quot;iti_tel_ip_detect&quot;:null,&quot;iti_tel_internationalize&quot;:null,&quot;file_sizes&quot;:null,&quot;file_types&quot;:null,&quot;allow_multiple_upload&quot;:null,&quot;max_files&quot;:null,&quot;step_icon&quot;:null,&quot;field_value&quot;:&quot;&quot;},{&quot;label&quot;:&quot;Tel\\u00e9fono&quot;,&quot;type&quot;:&quot;tel&quot;,&quot;placeholder&quot;:&quot;Tel\\u00e9fono&quot;,&quot;acceptance_text&quot;:null,&quot;width&quot;:&quot;40&quot;,&quot;_id&quot;:&quot;506ff54&quot;,&quot;step_previous_button&quot;:null,&quot;step_next_button&quot;:null,&quot;field_custom_id&quot;:&quot;506ff54&quot;,&quot;recaptcha_badge&quot;:null,&quot;recaptcha_theme&quot;:null,&quot;recaptcha_size&quot;:null,&quot;checked_by_default&quot;:null,&quot;min_time&quot;:null,&quot;max_time&quot;:null,&quot;min_date&quot;:null,&quot;max_date&quot;:null,&quot;localization&quot;:null,&quot;min&quot;:null,&quot;max&quot;:null,&quot;field_options&quot;:null,&quot;inline_list&quot;:null,&quot;field_html&quot;:null,&quot;native_html5&quot;:null,&quot;multiple_selection&quot;:null,&quot;rows&quot;:null,&quot;required&quot;:&quot;&quot;,&quot;iti_tel&quot;:null,&quot;iti_tel_tel_type&quot;:null,&quot;iti_tel_require_area&quot;:null,&quot;iti_tel_allow_dropdown&quot;:null,&quot;iti_tel_country_include&quot;:null,&quot;iti_tel_ip_detect&quot;:null,&quot;iti_tel_internationalize&quot;:null,&quot;file_sizes&quot;:null,&quot;file_types&quot;:null,&quot;allow_multiple_upload&quot;:null,&quot;max_files&quot;:null,&quot;step_icon&quot;:null,&quot;field_value&quot;:&quot;&quot;},{&quot;label&quot;:&quot;Mensaje&quot;,&quot;type&quot;:&quot;textarea&quot;,&quot;placeholder&quot;:&quot;Mensaje&quot;,&quot;_id&quot;:&quot;9301882&quot;,&quot;acceptance_text&quot;:null,&quot;step_previous_button&quot;:null,&quot;step_next_button&quot;:null,&quot;field_custom_id&quot;:&quot;9301882&quot;,&quot;recaptcha_badge&quot;:null,&quot;recaptcha_theme&quot;:null,&quot;recaptcha_size&quot;:null,&quot;checked_by_default&quot;:null,&quot;min_time&quot;:null,&quot;max_time&quot;:null,&quot;min_date&quot;:null,&quot;max_date&quot;:null,&quot;localization&quot;:null,&quot;min&quot;:null,&quot;max&quot;:null,&quot;field_options&quot;:null,&quot;inline_list&quot;:null,&quot;field_html&quot;:null,&quot;native_html5&quot;:null,&quot;multiple_selection&quot;:null,&quot;rows&quot;:5,&quot;required&quot;:&quot;&quot;,&quot;iti_tel&quot;:null,&quot;iti_tel_tel_type&quot;:null,&quot;iti_tel_require_area&quot;:null,&quot;iti_tel_allow_dropdown&quot;:null,&quot;iti_tel_country_include&quot;:null,&quot;iti_tel_ip_detect&quot;:null,&quot;iti_tel_internationalize&quot;:null,&quot;file_sizes&quot;:null,&quot;file_types&quot;:null,&quot;allow_multiple_upload&quot;:null,&quot;max_files&quot;:null,&quot;step_icon&quot;:null,&quot;width&quot;:&quot;100&quot;,&quot;field_value&quot;:&quot;&quot;}],&quot;steps_type&quot;:&quot;number&quot;,&quot;steps_icon_shape&quot;:&quot;circle&quot;}\" data-widget_type=\"raven-form.default\">\n\t\t\t\t<div class=\"elementor-widget-container\">\n\t\t\t\t\t\t\t<form class=\"raven-form raven-flex raven-flex-wrap raven-flex-bottom raven-hide-required-mark\" method=\"post\" name=\"New form\" action=\"\">\r\n\t\t\t<input type=\"hidden\" name=\"post_id\" value=\"388\" \/>\r\n\t\t\t<input type=\"hidden\" name=\"form_id\" value=\"4489d12\" \/>\r\n\t\t\t\t\t<div id=\"raven-field-group-5e44dd3\" class=\"raven-flex-wrap raven-field-type-text raven-field-group elementor-column elementor-col-50 raven-field-required\">\r\n\t\t\t\t\t<input\r\n\t\t\toninput=\"onInvalidRavenFormField(event)\"\r\n\t\t\toninvalid=\"onInvalidRavenFormField(event)\"\r\n\t\t\ttype=\"text\" name=\"fields[5e44dd3]\" id=\"form-field-5e44dd3\" class=\"raven-field\" placeholder=\"Name\" data-type=\"text\" required=\"required\">\r\n\t\t\t\t<\/div>\r\n\t\t\t\t<div id=\"raven-field-group-de37f58\" class=\"raven-flex-wrap raven-field-type-email raven-field-group elementor-column elementor-col-50 raven-field-required\">\r\n\t\t\t\t\t<input\r\n\t\t\toninput=\"onInvalidRavenFormField(event)\"\r\n\t\t\toninvalid=\"onInvalidRavenFormField(event)\"\r\n\t\t\ttype=\"email\" name=\"fields[de37f58]\" id=\"form-field-de37f58\" class=\"raven-field\" placeholder=\"Email\" data-type=\"email\" required=\"required\">\r\n\t\t\t\t<\/div>\r\n\t\t\t\t<div id=\"raven-field-group-788d8f2\" class=\"raven-flex-wrap raven-field-type-text raven-field-group elementor-column elementor-col-40\">\r\n\t\t\t\t\t<input\r\n\t\t\toninput=\"onInvalidRavenFormField(event)\"\r\n\t\t\toninvalid=\"onInvalidRavenFormField(event)\"\r\n\t\t\ttype=\"text\" name=\"fields[788d8f2]\" id=\"form-field-788d8f2\" class=\"raven-field\" placeholder=\"Company\" data-type=\"text\">\r\n\t\t\t\t<\/div>\r\n\t\t\t\t<div id=\"raven-field-group-506ff54\" class=\"raven-flex-wrap raven-field-type-tel raven-field-group elementor-column elementor-col-40\">\r\n\t\t\t\t\t<input\r\n\t\t\toninput=\"onInvalidRavenFormField(event)\"\r\n\t\t\toninvalid=\"onInvalidRavenFormField(event)\"\r\n\t\t\ttype=\"tel\" name=\"fields[506ff54]\" id=\"form-field-506ff54\" class=\"raven-field\" placeholder=\"Phone\" data-type=\"tel\" pattern=\"^[0-9\\-\\+\\s\\(\\)]*$\" title=\"The value should only consist numbers and phone characters (-, +, (), etc)\">\r\n\t\t\t\t<\/div>\r\n\t\t\t\t<div id=\"raven-field-group-9301882\" class=\"raven-flex-wrap raven-field-type-textarea raven-field-group elementor-column elementor-col-100\">\r\n\t\t\t\t\t<textarea\r\n\t\t\toninput=\"onInvalidRavenFormField(event)\"\r\n\t\t\toninvalid=\"onInvalidRavenFormField(event)\"\r\n\t\t\ttype=\"textarea\" name=\"fields[9301882]\" id=\"form-field-9301882\" class=\"raven-field\" placeholder=\"Message\" data-type=\"textarea\"\t\t\trows=\"5\"><\/textarea>\r\n\t\t\t\t<\/div>\r\n\t\t\t\t\t\t\t<div class=\"raven-field-group raven-field-type-submit-button elementor-column elementor-col-100 elementor-sm-100\">\r\n\t\t\t\t\t\t\t\t\t<button class=\"raven-submit-button\" type=\"submit\">\r\n\t\t\t\t\t\t<span>Send<\/span>\r\n\t\t<\/button>\r\n\t\t\t\t\t\t\t<\/div>\r\n\t\t\t\t<input type=\"hidden\" name=\"trp-form-language\" value=\"en\"\/><\/form>\r\n\r\n\t\t\t\t\t\t\t\t<\/div>\n\t\t\t\t<\/div>\n\t\t\t\t\t<\/div>\n\t\t<\/div>\n\t\t\t\t\t<\/div>\n\t\t<\/section>\n\t\t\t\t<section class=\"elementor-section elementor-inner-section elementor-element elementor-element-a3a7385 elementor-section-boxed elementor-section-height-default elementor-section-height-default\" data-id=\"a3a7385\" data-element_type=\"section\" data-settings=\"{&quot;jet_parallax_layout_list&quot;:[]}\">\n\t\t\t\t\t\t<div class=\"elementor-container elementor-column-gap-default\">\n\t\t\t\t\t<div class=\"elementor-column elementor-col-33 elementor-inner-column elementor-element elementor-element-bca4180\" data-id=\"bca4180\" data-element_type=\"column\">\n\t\t\t<div class=\"elementor-widget-wrap elementor-element-populated\">\n\t\t\t\t\t\t<div class=\"elementor-element elementor-element-3c0dbd9 elementor-mobile-align-center elementor-align-center elementor-widget__width-initial elementor-widget elementor-widget-raven-heading\" data-id=\"3c0dbd9\" data-element_type=\"widget\" data-widget_type=\"raven-heading.default\">\n\t\t\t\t<div class=\"elementor-widget-container\">\n\t\t\t\t\t\t\t<div class=\"raven-widget-wrapper\"><h2 class=\"raven-heading raven-heading-h2\"><span class=\"raven-heading-title\">Address<\/span><\/h2><\/div>\r\n\t\t\t\t\t\t<\/div>\n\t\t\t\t<\/div>\n\t\t\t\t<div class=\"elementor-element elementor-element-58b318e elementor-widget__width-initial elementor-widget elementor-widget-text-editor\" data-id=\"58b318e\" data-element_type=\"widget\" data-widget_type=\"text-editor.default\">\n\t\t\t\t<div class=\"elementor-widget-container\">\n\t\t\t\t\t\t\t\t\t<p style=\"text-align: center;\">Av. Insurgentes Sur 1898 Piso 3&nbsp; Col. Florida, \u00c1lvaro Obreg\u00f3n&nbsp; &nbsp;C.P. 01030, Ciudad de M\u00e9xico<\/p>\t\t\t\t\t\t\t\t<\/div>\n\t\t\t\t<\/div>\n\t\t\t\t\t<\/div>\n\t\t<\/div>\n\t\t\t\t<div class=\"elementor-column elementor-col-33 elementor-inner-column elementor-element elementor-element-9c2c294\" data-id=\"9c2c294\" data-element_type=\"column\">\n\t\t\t<div class=\"elementor-widget-wrap elementor-element-populated\">\n\t\t\t\t\t\t<div class=\"elementor-element elementor-element-67553bf elementor-mobile-align-center elementor-align-center elementor-widget elementor-widget-raven-heading\" data-id=\"67553bf\" data-element_type=\"widget\" data-widget_type=\"raven-heading.default\">\n\t\t\t\t<div class=\"elementor-widget-container\">\n\t\t\t\t\t\t\t<div class=\"raven-widget-wrapper\"><h2 class=\"raven-heading raven-heading-h2\"><span class=\"raven-heading-title\">Phone<\/span><\/h2><\/div>\r\n\t\t\t\t\t\t<\/div>\n\t\t\t\t<\/div>\n\t\t\t\t<div class=\"elementor-element elementor-element-1b155dc elementor-widget__width-initial elementor-widget elementor-widget-text-editor\" data-id=\"1b155dc\" data-element_type=\"widget\" data-widget_type=\"text-editor.default\">\n\t\t\t\t<div class=\"elementor-widget-container\">\n\t\t\t\t\t\t\t\t\t<p style=\"text-align: center;\">\u00a0 +52 (55) 5335 0707<\/p>\t\t\t\t\t\t\t\t<\/div>\n\t\t\t\t<\/div>\n\t\t\t\t\t<\/div>\n\t\t<\/div>\n\t\t\t\t<div class=\"elementor-column elementor-col-33 elementor-inner-column elementor-element elementor-element-fcfe888\" data-id=\"fcfe888\" data-element_type=\"column\">\n\t\t\t<div class=\"elementor-widget-wrap elementor-element-populated\">\n\t\t\t\t\t\t<div class=\"elementor-element elementor-element-8af5465 elementor-mobile-align-center elementor-align-center elementor-widget elementor-widget-raven-heading\" data-id=\"8af5465\" data-element_type=\"widget\" data-widget_type=\"raven-heading.default\">\n\t\t\t\t<div class=\"elementor-widget-container\">\n\t\t\t\t\t\t\t<div class=\"raven-widget-wrapper\"><h2 class=\"raven-heading raven-heading-h2\"><span class=\"raven-heading-title\">Email<\/span><\/h2><\/div>\r\n\t\t\t\t\t\t<\/div>\n\t\t\t\t<\/div>\n\t\t\t\t<div class=\"elementor-element elementor-element-3ee1fa9 elementor-widget elementor-widget-text-editor\" data-id=\"3ee1fa9\" data-element_type=\"widget\" data-widget_type=\"text-editor.default\">\n\t\t\t\t<div class=\"elementor-widget-container\">\n\t\t\t\t\t\t\t\t\t<p style=\"text-align: center;\"><span style=\"color: #333333;\"><a style=\"color: #333333;\" href=\"mailto:administraci\u00f3n@anaya.law\">administraci\u00f3n@anaya.law<\/a><\/span><\/p>\t\t\t\t\t\t\t\t<\/div>\n\t\t\t\t<\/div>\n\t\t\t\t\t<\/div>\n\t\t<\/div>\n\t\t\t\t\t<\/div>\n\t\t<\/section>\n\t\t\t\t\t<\/div>\n\t\t<\/div>\n\t\t\t\t\t<\/div>\n\t\t<\/section>\n\t\t\t\t<\/div>","protected":false},"excerpt":{"rendered":"<p>Cont\u00e1ctanos Enviar Direcci\u00f3n Av. Insurgentes Sur 1898 Piso 3&nbsp; Col. Florida, \u00c1lvaro Obreg\u00f3n&nbsp; &nbsp;C.P. 01030, Ciudad de M\u00e9xico Tel\u00e9fono \u00a0 +52 (55) 5335 0707 Email administraci\u00f3n@anaya.law<\/p>","protected":false},"author":1,"featured_media":0,"parent":0,"menu_order":0,"comment_status":"closed","ping_status":"closed","template":"","meta":{"_acf_changed":false,"footnotes":""},"class_list":["post-388","page","type-page","status-publish","hentry"],"acf":[],"yoast_head":"<!-- This site is optimized with the Yoast SEO plugin v25.9 - https:\/\/yoast.com\/wordpress\/plugins\/seo\/ -->\n<title>Contacto - Anaya e Ib\u00e1\u00f1ez<\/title>\n<meta name=\"robots\" content=\"index, follow, max-snippet:-1, max-image-preview:large, max-video-preview:-1\" \/>\n<link rel=\"canonical\" href=\"https:\/\/anaya.law\/en\/contacto\/\" \/>\n<meta property=\"og:locale\" content=\"en_US\" \/>\n<meta property=\"og:type\" content=\"article\" \/>\n<meta property=\"og:title\" content=\"Contacto - Anaya e Ib\u00e1\u00f1ez\" \/>\n<meta property=\"og:description\" content=\"Cont\u00e1ctanos Enviar Direcci\u00f3n Av. Insurgentes Sur 1898 Piso 3&nbsp; Col. Florida, \u00c1lvaro Obreg\u00f3n&nbsp; &nbsp;C.P. 01030, Ciudad de M\u00e9xico Tel\u00e9fono \u00a0 +52 (55) 5335 0707 Email administraci\u00f3n@anaya.law\" \/>\n<meta property=\"og:url\" content=\"https:\/\/anaya.law\/en\/contacto\/\" \/>\n<meta property=\"og:site_name\" content=\"Anaya e Ib\u00e1\u00f1ez\" \/>\n<meta property=\"article:publisher\" content=\"https:\/\/www.facebook.com\/AnayaAbogados\" \/>\n<meta property=\"article:modified_time\" content=\"2025-09-24T16:47:16+00:00\" \/>\n<meta property=\"og:image\" content=\"https:\/\/anaya.law\/wp-content\/uploads\/2024\/12\/Contacto.jpg\" \/>\n\t<meta property=\"og:image:width\" content=\"800\" \/>\n\t<meta property=\"og:image:height\" content=\"960\" \/>\n\t<meta property=\"og:image:type\" content=\"image\/jpeg\" \/>\n<meta name=\"twitter:card\" content=\"summary_large_image\" \/>\n<meta name=\"twitter:site\" content=\"@AnayaAbogados\" \/>\n<meta name=\"twitter:label1\" content=\"Est. reading time\" \/>\n\t<meta name=\"twitter:data1\" content=\"1 minute\" \/>\n<script type=\"application\/ld+json\" class=\"yoast-schema-graph\">{\"@context\":\"https:\/\/schema.org\",\"@graph\":[{\"@type\":\"WebPage\",\"@id\":\"https:\/\/anaya.law\/contacto\/\",\"url\":\"https:\/\/anaya.law\/contacto\/\",\"name\":\"Contacto - Anaya e Ib\u00e1\u00f1ez\",\"isPartOf\":{\"@id\":\"https:\/\/anaya.law\/#website\"},\"primaryImageOfPage\":{\"@id\":\"https:\/\/anaya.law\/contacto\/#primaryimage\"},\"image\":{\"@id\":\"https:\/\/anaya.law\/contacto\/#primaryimage\"},\"thumbnailUrl\":\"https:\/\/anaya.law\/wp-content\/uploads\/2024\/12\/Contacto.jpg\",\"datePublished\":\"2022-07-27T17:19:31+00:00\",\"dateModified\":\"2025-09-24T16:47:16+00:00\",\"breadcrumb\":{\"@id\":\"https:\/\/anaya.law\/contacto\/#breadcrumb\"},\"inLanguage\":\"en-US\",\"potentialAction\":[{\"@type\":\"ReadAction\",\"target\":[\"https:\/\/anaya.law\/contacto\/\"]}]},{\"@type\":\"ImageObject\",\"inLanguage\":\"en-US\",\"@id\":\"https:\/\/anaya.law\/contacto\/#primaryimage\",\"url\":\"https:\/\/anaya.law\/wp-content\/uploads\/2024\/12\/Contacto.jpg\",\"contentUrl\":\"https:\/\/anaya.law\/wp-content\/uploads\/2024\/12\/Contacto.jpg\"},{\"@type\":\"BreadcrumbList\",\"@id\":\"https:\/\/anaya.law\/contacto\/#breadcrumb\",\"itemListElement\":[{\"@type\":\"ListItem\",\"position\":1,\"name\":\"Home\",\"item\":\"https:\/\/anaya.law\/\"},{\"@type\":\"ListItem\",\"position\":2,\"name\":\"Contacto\"}]},{\"@type\":\"WebSite\",\"@id\":\"https:\/\/anaya.law\/#website\",\"url\":\"https:\/\/anaya.law\/\",\"name\":\"Anaya e Ib\u00e1\u00f1ez\",\"description\":\"Abogados\",\"publisher\":{\"@id\":\"https:\/\/anaya.law\/#organization\"},\"potentialAction\":[{\"@type\":\"SearchAction\",\"target\":{\"@type\":\"EntryPoint\",\"urlTemplate\":\"https:\/\/anaya.law\/?s={search_term_string}\"},\"query-input\":{\"@type\":\"PropertyValueSpecification\",\"valueRequired\":true,\"valueName\":\"search_term_string\"}}],\"inLanguage\":\"en-US\"},{\"@type\":\"Organization\",\"@id\":\"https:\/\/anaya.law\/#organization\",\"name\":\"Anaya D\u00edaz Ib\u00e1\u00f1ez\",\"url\":\"https:\/\/anaya.law\/\",\"logo\":{\"@type\":\"ImageObject\",\"inLanguage\":\"en-US\",\"@id\":\"https:\/\/anaya.law\/#\/schema\/logo\/image\/\",\"url\":\"https:\/\/anaya.law\/wp-content\/uploads\/2022\/05\/Logo_.svg\",\"contentUrl\":\"https:\/\/anaya.law\/wp-content\/uploads\/2022\/05\/Logo_.svg\",\"width\":1200,\"height\":500,\"caption\":\"Anaya D\u00edaz Ib\u00e1\u00f1ez\"},\"image\":{\"@id\":\"https:\/\/anaya.law\/#\/schema\/logo\/image\/\"},\"sameAs\":[\"https:\/\/www.facebook.com\/AnayaAbogados\",\"https:\/\/x.com\/AnayaAbogados\",\"https:\/\/www.linkedin.com\/company\/anaya-abogados\/\"]}]}<\/script>\n<!-- \/ Yoast SEO plugin. -->","yoast_head_json":{"title":"Contacto - Anaya e Ib\u00e1\u00f1ez","robots":{"index":"index","follow":"follow","max-snippet":"max-snippet:-1","max-image-preview":"max-image-preview:large","max-video-preview":"max-video-preview:-1"},"canonical":"https:\/\/anaya.law\/en\/contacto\/","og_locale":"en_US","og_type":"article","og_title":"Contacto - Anaya e Ib\u00e1\u00f1ez","og_description":"Cont\u00e1ctanos Enviar Direcci\u00f3n Av. Insurgentes Sur 1898 Piso 3&nbsp; Col. Florida, \u00c1lvaro Obreg\u00f3n&nbsp; &nbsp;C.P. 01030, Ciudad de M\u00e9xico Tel\u00e9fono \u00a0 +52 (55) 5335 0707 Email administraci\u00f3n@anaya.law","og_url":"https:\/\/anaya.law\/en\/contacto\/","og_site_name":"Anaya e Ib\u00e1\u00f1ez","article_publisher":"https:\/\/www.facebook.com\/AnayaAbogados","article_modified_time":"2025-09-24T16:47:16+00:00","og_image":[{"width":800,"height":960,"url":"https:\/\/anaya.law\/wp-content\/uploads\/2024\/12\/Contacto.jpg","type":"image\/jpeg"}],"twitter_card":"summary_large_image","twitter_site":"@AnayaAbogados","twitter_misc":{"Est. reading time":"1 minute"},"schema":{"@context":"https:\/\/schema.org","@graph":[{"@type":"WebPage","@id":"https:\/\/anaya.law\/contacto\/","url":"https:\/\/anaya.law\/contacto\/","name":"Contacto - Anaya e Ib\u00e1\u00f1ez","isPartOf":{"@id":"https:\/\/anaya.law\/#website"},"primaryImageOfPage":{"@id":"https:\/\/anaya.law\/contacto\/#primaryimage"},"image":{"@id":"https:\/\/anaya.law\/contacto\/#primaryimage"},"thumbnailUrl":"https:\/\/anaya.law\/wp-content\/uploads\/2024\/12\/Contacto.jpg","datePublished":"2022-07-27T17:19:31+00:00","dateModified":"2025-09-24T16:47:16+00:00","breadcrumb":{"@id":"https:\/\/anaya.law\/contacto\/#breadcrumb"},"inLanguage":"en-US","potentialAction":[{"@type":"ReadAction","target":["https:\/\/anaya.law\/contacto\/"]}]},{"@type":"ImageObject","inLanguage":"en-US","@id":"https:\/\/anaya.law\/contacto\/#primaryimage","url":"https:\/\/anaya.law\/wp-content\/uploads\/2024\/12\/Contacto.jpg","contentUrl":"https:\/\/anaya.law\/wp-content\/uploads\/2024\/12\/Contacto.jpg"},{"@type":"BreadcrumbList","@id":"https:\/\/anaya.law\/contacto\/#breadcrumb","itemListElement":[{"@type":"ListItem","position":1,"name":"Home","item":"https:\/\/anaya.law\/"},{"@type":"ListItem","position":2,"name":"Contacto"}]},{"@type":"WebSite","@id":"https:\/\/anaya.law\/#website","url":"https:\/\/anaya.law\/","name":"Anaya e Ib\u00e1\u00f1ez","description":"Abogados","publisher":{"@id":"https:\/\/anaya.law\/#organization"},"potentialAction":[{"@type":"SearchAction","target":{"@type":"EntryPoint","urlTemplate":"https:\/\/anaya.law\/?s={search_term_string}"},"query-input":{"@type":"PropertyValueSpecification","valueRequired":true,"valueName":"search_term_string"}}],"inLanguage":"en-US"},{"@type":"Organization","@id":"https:\/\/anaya.law\/#organization","name":"Anaya D\u00edaz Ib\u00e1\u00f1ez","url":"https:\/\/anaya.law\/","logo":{"@type":"ImageObject","inLanguage":"en-US","@id":"https:\/\/anaya.law\/#\/schema\/logo\/image\/","url":"https:\/\/anaya.law\/wp-content\/uploads\/2022\/05\/Logo_.svg","contentUrl":"https:\/\/anaya.law\/wp-content\/uploads\/2022\/05\/Logo_.svg","width":1200,"height":500,"caption":"Anaya D\u00edaz Ib\u00e1\u00f1ez"},"image":{"@id":"https:\/\/anaya.law\/#\/schema\/logo\/image\/"},"sameAs":["https:\/\/www.facebook.com\/AnayaAbogados","https:\/\/x.com\/AnayaAbogados","https:\/\/www.linkedin.com\/company\/anaya-abogados\/"]}]}},"_links":{"self":[{"href":"https:\/\/anaya.law\/en\/wp-json\/wp\/v2\/pages\/388","targetHints":{"allow":["GET"]}}],"collection":[{"href":"https:\/\/anaya.law\/en\/wp-json\/wp\/v2\/pages"}],"about":[{"href":"https:\/\/anaya.law\/en\/wp-json\/wp\/v2\/types\/page"}],"author":[{"embeddable":true,"href":"https:\/\/anaya.law\/en\/wp-json\/wp\/v2\/users\/1"}],"replies":[{"embeddable":true,"href":"https:\/\/anaya.law\/en\/wp-json\/wp\/v2\/comments?post=388"}],"version-history":[{"count":74,"href":"https:\/\/anaya.law\/en\/wp-json\/wp\/v2\/pages\/388\/revisions"}],"predecessor-version":[{"id":2011,"href":"https:\/\/anaya.law\/en\/wp-json\/wp\/v2\/pages\/388\/revisions\/2011"}],"wp:attachment":[{"href":"https:\/\/anaya.law\/en\/wp-json\/wp\/v2\/media?parent=388"}],"curies":[{"name":"wp","href":"https:\/\/api.w.org\/{rel}","templated":true}]}}