{"id":746,"date":"2023-01-12T14:14:34","date_gmt":"2023-01-12T14:14:34","guid":{"rendered":"https:\/\/upwyse.co\/anaya\/?page_id=746"},"modified":"2024-12-26T22:30:40","modified_gmt":"2024-12-26T22:30:40","slug":"probono","status":"publish","type":"page","link":"https:\/\/anaya.law\/en\/probono\/","title":{"rendered":"ProBono"},"content":{"rendered":"<div data-elementor-type=\"wp-page\" data-elementor-id=\"746\" class=\"elementor elementor-746\">\n\t\t\t\t\t\t<section class=\"elementor-section elementor-top-section elementor-element elementor-element-f503215 elementor-reverse-mobile elementor-section-boxed elementor-section-height-default elementor-section-height-default elementor-invisible\" data-id=\"f503215\" data-element_type=\"section\" data-settings=\"{&quot;jet_parallax_layout_list&quot;:[],&quot;background_background&quot;:&quot;classic&quot;,&quot;animation&quot;:&quot;fadeIn&quot;}\">\n\t\t\t\t\t\t<div class=\"elementor-container elementor-column-gap-default\">\n\t\t\t\t\t<div class=\"elementor-column elementor-col-50 elementor-top-column elementor-element elementor-element-b69a3d0\" data-id=\"b69a3d0\" data-element_type=\"column\">\n\t\t\t<div class=\"elementor-widget-wrap elementor-element-populated\">\n\t\t\t\t\t\t<div class=\"elementor-element elementor-element-88e8b6b elementor-mobile-align-center elementor-align-left elementor-widget elementor-widget-raven-heading\" data-id=\"88e8b6b\" data-element_type=\"widget\" data-widget_type=\"raven-heading.default\">\n\t\t\t\t<div class=\"elementor-widget-container\">\n\t\t\t\t\t\t\t<div class=\"raven-widget-wrapper\"><h2 class=\"raven-heading raven-heading-h2\"><span class=\"raven-heading-title\">ProBono<\/span><\/h2><\/div>\r\n\t\t\t\t\t\t<\/div>\n\t\t\t\t<\/div>\n\t\t\t\t<div class=\"elementor-element elementor-element-791ab64 elementor-widget elementor-widget-text-editor\" data-id=\"791ab64\" data-element_type=\"widget\" data-widget_type=\"text-editor.default\">\n\t\t\t\t<div class=\"elementor-widget-container\">\n\t\t\t\t\t\t\t\t\t<p>Over the years, we have shared our experience, knowledge, and time in providing counsel to different non-profit organizations and vulnerable groups, which carry out challenging tasks to achieve a more inclusive, respectful, conscious, healthy, and equitable society.<\/p><p>We have assumed our responsibility as stakeholders within a community with multiple and diverse needs which demands commitment and collaboration with aims to achieve social welfare.<\/p><p>Among the organizations that we have supported with legal advice and training are those dedicated to environmental protection, promotion and defense of human rights, promotion of gender equality, education, development of scientific knowledge, granting of school scholarships, etc.<\/p><p>We also provide direct support for vulnerable and low-income groups through administrative and jurisdictional procedures that look after their rights, equality, and proper application of the law.<\/p>\t\t\t\t\t\t\t\t<\/div>\n\t\t\t\t<\/div>\n\t\t\t\t\t<\/div>\n\t\t<\/div>\n\t\t\t\t<div class=\"elementor-column elementor-col-50 elementor-top-column elementor-element elementor-element-06d207a\" data-id=\"06d207a\" data-element_type=\"column\">\n\t\t\t<div class=\"elementor-widget-wrap elementor-element-populated\">\n\t\t\t\t\t\t<div class=\"elementor-element elementor-element-78a66ca elementor-invisible elementor-widget elementor-widget-raven-image\" data-id=\"78a66ca\" data-element_type=\"widget\" data-settings=\"{&quot;_animation&quot;:&quot;fadeInUp&quot;}\" data-widget_type=\"raven-image.default\">\n\t\t\t\t<div class=\"elementor-widget-container\">\n\t\t\t\t\t\t\t<div class=\"raven-image\">\r\n\t\t\r\n\t\t\r\n\t\t<img fetchpriority=\"high\" decoding=\"async\" width=\"800\" height=\"1096\" src=\"https:\/\/anaya.law\/wp-content\/uploads\/2024\/12\/Probono-800X1096px.jpg\" class=\"attachment-full size-full wp-image-1784\" alt=\"\" srcset=\"https:\/\/anaya.law\/wp-content\/uploads\/2024\/12\/Probono-800X1096px.jpg 800w, https:\/\/anaya.law\/wp-content\/uploads\/2024\/12\/Probono-800X1096px-219x300.jpg 219w, https:\/\/anaya.law\/wp-content\/uploads\/2024\/12\/Probono-800X1096px-747x1024.jpg 747w, https:\/\/anaya.law\/wp-content\/uploads\/2024\/12\/Probono-800X1096px-768x1052.jpg 768w, https:\/\/anaya.law\/wp-content\/uploads\/2024\/12\/Probono-800X1096px-9x12.jpg 9w\" sizes=\"(max-width: 800px) 100vw, 800px\" \/>\t\t<\/div>\r\n\t\t\t\t\t\t<\/div>\n\t\t\t\t<\/div>\n\t\t\t\t\t<\/div>\n\t\t<\/div>\n\t\t\t\t\t<\/div>\n\t\t<\/section>\n\t\t\t\t<\/div>","protected":false},"excerpt":{"rendered":"<p>ProBono A lo largo de los a\u00f1os, hemos compartido nuestra experiencia, conocimientos y tiempo en proveer asesor\u00eda a distintas organizaciones sin fines de lucro y grupos vulnerables, que realizan tareas desafiantes para lograr una sociedad m\u00e1s incluyente, respetuosa, consciente, saludable y equitativa. Hemos asumido nuestra responsabilidad como actores dentro una comunidad con m\u00faltiples y diversas [&hellip;]<\/p>","protected":false},"author":1,"featured_media":0,"parent":0,"menu_order":0,"comment_status":"closed","ping_status":"closed","template":"","meta":{"_acf_changed":false,"footnotes":""},"class_list":["post-746","page","type-page","status-publish","hentry"],"acf":[],"yoast_head":"<!-- This site is optimized with the Yoast SEO plugin v25.9 - https:\/\/yoast.com\/wordpress\/plugins\/seo\/ -->\n<title>ProBono - Anaya e Ib\u00e1\u00f1ez<\/title>\n<meta name=\"robots\" content=\"index, follow, max-snippet:-1, max-image-preview:large, max-video-preview:-1\" \/>\n<link rel=\"canonical\" href=\"https:\/\/anaya.law\/en\/probono\/\" \/>\n<meta property=\"og:locale\" content=\"en_US\" \/>\n<meta property=\"og:type\" content=\"article\" \/>\n<meta property=\"og:title\" content=\"ProBono - Anaya e Ib\u00e1\u00f1ez\" \/>\n<meta property=\"og:description\" content=\"ProBono A lo largo de los a\u00f1os, hemos compartido nuestra experiencia, conocimientos y tiempo en proveer asesor\u00eda a distintas organizaciones sin fines de lucro y grupos vulnerables, que realizan tareas desafiantes para lograr una sociedad m\u00e1s incluyente, respetuosa, consciente, saludable y equitativa. Hemos asumido nuestra responsabilidad como actores dentro una comunidad con m\u00faltiples y diversas [&hellip;]\" \/>\n<meta property=\"og:url\" content=\"https:\/\/anaya.law\/en\/probono\/\" \/>\n<meta property=\"og:site_name\" content=\"Anaya e Ib\u00e1\u00f1ez\" \/>\n<meta property=\"article:publisher\" content=\"https:\/\/www.facebook.com\/AnayaAbogados\" \/>\n<meta property=\"article:modified_time\" content=\"2024-12-26T22:30:40+00:00\" \/>\n<meta property=\"og:image\" content=\"https:\/\/anaya.law\/wp-content\/uploads\/2024\/12\/Probono-800X1096px.jpg\" \/>\n<meta name=\"twitter:card\" content=\"summary_large_image\" \/>\n<meta name=\"twitter:site\" content=\"@AnayaAbogados\" \/>\n<meta name=\"twitter:label1\" content=\"Est. reading time\" \/>\n\t<meta name=\"twitter:data1\" content=\"1 minute\" \/>\n<script type=\"application\/ld+json\" class=\"yoast-schema-graph\">{\"@context\":\"https:\/\/schema.org\",\"@graph\":[{\"@type\":\"WebPage\",\"@id\":\"https:\/\/anaya.law\/probono\/\",\"url\":\"https:\/\/anaya.law\/probono\/\",\"name\":\"ProBono - Anaya e Ib\u00e1\u00f1ez\",\"isPartOf\":{\"@id\":\"https:\/\/anaya.law\/#website\"},\"primaryImageOfPage\":{\"@id\":\"https:\/\/anaya.law\/probono\/#primaryimage\"},\"image\":{\"@id\":\"https:\/\/anaya.law\/probono\/#primaryimage\"},\"thumbnailUrl\":\"https:\/\/anaya.law\/wp-content\/uploads\/2024\/12\/Probono-800X1096px.jpg\",\"datePublished\":\"2023-01-12T14:14:34+00:00\",\"dateModified\":\"2024-12-26T22:30:40+00:00\",\"breadcrumb\":{\"@id\":\"https:\/\/anaya.law\/probono\/#breadcrumb\"},\"inLanguage\":\"en-US\",\"potentialAction\":[{\"@type\":\"ReadAction\",\"target\":[\"https:\/\/anaya.law\/probono\/\"]}]},{\"@type\":\"ImageObject\",\"inLanguage\":\"en-US\",\"@id\":\"https:\/\/anaya.law\/probono\/#primaryimage\",\"url\":\"https:\/\/anaya.law\/wp-content\/uploads\/2024\/12\/Probono-800X1096px.jpg\",\"contentUrl\":\"https:\/\/anaya.law\/wp-content\/uploads\/2024\/12\/Probono-800X1096px.jpg\"},{\"@type\":\"BreadcrumbList\",\"@id\":\"https:\/\/anaya.law\/probono\/#breadcrumb\",\"itemListElement\":[{\"@type\":\"ListItem\",\"position\":1,\"name\":\"Home\",\"item\":\"https:\/\/anaya.law\/\"},{\"@type\":\"ListItem\",\"position\":2,\"name\":\"ProBono\"}]},{\"@type\":\"WebSite\",\"@id\":\"https:\/\/anaya.law\/#website\",\"url\":\"https:\/\/anaya.law\/\",\"name\":\"Anaya e Ib\u00e1\u00f1ez\",\"description\":\"Abogados\",\"publisher\":{\"@id\":\"https:\/\/anaya.law\/#organization\"},\"potentialAction\":[{\"@type\":\"SearchAction\",\"target\":{\"@type\":\"EntryPoint\",\"urlTemplate\":\"https:\/\/anaya.law\/?s={search_term_string}\"},\"query-input\":{\"@type\":\"PropertyValueSpecification\",\"valueRequired\":true,\"valueName\":\"search_term_string\"}}],\"inLanguage\":\"en-US\"},{\"@type\":\"Organization\",\"@id\":\"https:\/\/anaya.law\/#organization\",\"name\":\"Anaya D\u00edaz Ib\u00e1\u00f1ez\",\"url\":\"https:\/\/anaya.law\/\",\"logo\":{\"@type\":\"ImageObject\",\"inLanguage\":\"en-US\",\"@id\":\"https:\/\/anaya.law\/#\/schema\/logo\/image\/\",\"url\":\"https:\/\/anaya.law\/wp-content\/uploads\/2022\/05\/Logo_.svg\",\"contentUrl\":\"https:\/\/anaya.law\/wp-content\/uploads\/2022\/05\/Logo_.svg\",\"width\":1200,\"height\":500,\"caption\":\"Anaya D\u00edaz Ib\u00e1\u00f1ez\"},\"image\":{\"@id\":\"https:\/\/anaya.law\/#\/schema\/logo\/image\/\"},\"sameAs\":[\"https:\/\/www.facebook.com\/AnayaAbogados\",\"https:\/\/x.com\/AnayaAbogados\",\"https:\/\/www.linkedin.com\/company\/anaya-abogados\/\"]}]}<\/script>\n<!-- \/ Yoast SEO plugin. -->","yoast_head_json":{"title":"ProBono - Anaya e Ib\u00e1\u00f1ez","robots":{"index":"index","follow":"follow","max-snippet":"max-snippet:-1","max-image-preview":"max-image-preview:large","max-video-preview":"max-video-preview:-1"},"canonical":"https:\/\/anaya.law\/en\/probono\/","og_locale":"en_US","og_type":"article","og_title":"ProBono - Anaya e Ib\u00e1\u00f1ez","og_description":"ProBono A lo largo de los a\u00f1os, hemos compartido nuestra experiencia, conocimientos y tiempo en proveer asesor\u00eda a distintas organizaciones sin fines de lucro y grupos vulnerables, que realizan tareas desafiantes para lograr una sociedad m\u00e1s incluyente, respetuosa, consciente, saludable y equitativa. Hemos asumido nuestra responsabilidad como actores dentro una comunidad con m\u00faltiples y diversas [&hellip;]","og_url":"https:\/\/anaya.law\/en\/probono\/","og_site_name":"Anaya e Ib\u00e1\u00f1ez","article_publisher":"https:\/\/www.facebook.com\/AnayaAbogados","article_modified_time":"2024-12-26T22:30:40+00:00","og_image":[{"url":"https:\/\/anaya.law\/wp-content\/uploads\/2024\/12\/Probono-800X1096px.jpg","type":"","width":"","height":""}],"twitter_card":"summary_large_image","twitter_site":"@AnayaAbogados","twitter_misc":{"Est. reading time":"1 minute"},"schema":{"@context":"https:\/\/schema.org","@graph":[{"@type":"WebPage","@id":"https:\/\/anaya.law\/probono\/","url":"https:\/\/anaya.law\/probono\/","name":"ProBono - Anaya e Ib\u00e1\u00f1ez","isPartOf":{"@id":"https:\/\/anaya.law\/#website"},"primaryImageOfPage":{"@id":"https:\/\/anaya.law\/probono\/#primaryimage"},"image":{"@id":"https:\/\/anaya.law\/probono\/#primaryimage"},"thumbnailUrl":"https:\/\/anaya.law\/wp-content\/uploads\/2024\/12\/Probono-800X1096px.jpg","datePublished":"2023-01-12T14:14:34+00:00","dateModified":"2024-12-26T22:30:40+00:00","breadcrumb":{"@id":"https:\/\/anaya.law\/probono\/#breadcrumb"},"inLanguage":"en-US","potentialAction":[{"@type":"ReadAction","target":["https:\/\/anaya.law\/probono\/"]}]},{"@type":"ImageObject","inLanguage":"en-US","@id":"https:\/\/anaya.law\/probono\/#primaryimage","url":"https:\/\/anaya.law\/wp-content\/uploads\/2024\/12\/Probono-800X1096px.jpg","contentUrl":"https:\/\/anaya.law\/wp-content\/uploads\/2024\/12\/Probono-800X1096px.jpg"},{"@type":"BreadcrumbList","@id":"https:\/\/anaya.law\/probono\/#breadcrumb","itemListElement":[{"@type":"ListItem","position":1,"name":"Home","item":"https:\/\/anaya.law\/"},{"@type":"ListItem","position":2,"name":"ProBono"}]},{"@type":"WebSite","@id":"https:\/\/anaya.law\/#website","url":"https:\/\/anaya.law\/","name":"Anaya e Ib\u00e1\u00f1ez","description":"Abogados","publisher":{"@id":"https:\/\/anaya.law\/#organization"},"potentialAction":[{"@type":"SearchAction","target":{"@type":"EntryPoint","urlTemplate":"https:\/\/anaya.law\/?s={search_term_string}"},"query-input":{"@type":"PropertyValueSpecification","valueRequired":true,"valueName":"search_term_string"}}],"inLanguage":"en-US"},{"@type":"Organization","@id":"https:\/\/anaya.law\/#organization","name":"Anaya D\u00edaz Ib\u00e1\u00f1ez","url":"https:\/\/anaya.law\/","logo":{"@type":"ImageObject","inLanguage":"en-US","@id":"https:\/\/anaya.law\/#\/schema\/logo\/image\/","url":"https:\/\/anaya.law\/wp-content\/uploads\/2022\/05\/Logo_.svg","contentUrl":"https:\/\/anaya.law\/wp-content\/uploads\/2022\/05\/Logo_.svg","width":1200,"height":500,"caption":"Anaya D\u00edaz Ib\u00e1\u00f1ez"},"image":{"@id":"https:\/\/anaya.law\/#\/schema\/logo\/image\/"},"sameAs":["https:\/\/www.facebook.com\/AnayaAbogados","https:\/\/x.com\/AnayaAbogados","https:\/\/www.linkedin.com\/company\/anaya-abogados\/"]}]}},"_links":{"self":[{"href":"https:\/\/anaya.law\/en\/wp-json\/wp\/v2\/pages\/746","targetHints":{"allow":["GET"]}}],"collection":[{"href":"https:\/\/anaya.law\/en\/wp-json\/wp\/v2\/pages"}],"about":[{"href":"https:\/\/anaya.law\/en\/wp-json\/wp\/v2\/types\/page"}],"author":[{"embeddable":true,"href":"https:\/\/anaya.law\/en\/wp-json\/wp\/v2\/users\/1"}],"replies":[{"embeddable":true,"href":"https:\/\/anaya.law\/en\/wp-json\/wp\/v2\/comments?post=746"}],"version-history":[{"count":39,"href":"https:\/\/anaya.law\/en\/wp-json\/wp\/v2\/pages\/746\/revisions"}],"predecessor-version":[{"id":1787,"href":"https:\/\/anaya.law\/en\/wp-json\/wp\/v2\/pages\/746\/revisions\/1787"}],"wp:attachment":[{"href":"https:\/\/anaya.law\/en\/wp-json\/wp\/v2\/media?parent=746"}],"curies":[{"name":"wp","href":"https:\/\/api.w.org\/{rel}","templated":true}]}}